{"id":11645,"date":"2018-12-17T13:59:14","date_gmt":"2018-12-17T13:59:14","guid":{"rendered":"https:\/\/gestiplac.cat\/servicios\/"},"modified":"2023-03-16T08:05:16","modified_gmt":"2023-03-16T08:05:16","slug":"servicios","status":"publish","type":"page","link":"https:\/\/www.gestiplac.cat\/es\/servicios\/","title":{"rendered":"Servicios"},"content":{"rendered":"<div class=\"wpb-content-wrapper\"><p>[vc_row row_content_width=\u00bbgrid\u00bb row_btt_skin=\u00bblight\u00bb row_background_text_position=\u00bbfront\u00bb][vc_column][vc_empty_space height=\u00bb125px\u00bb][vc_column_text]<\/p>\n<h4>Especializados y con dilatada experiencia en:<\/h4>\n<p>[\/vc_column_text][\/vc_column][\/vc_row][vc_row row_content_width=\u00bbgrid\u00bb row_btt_skin=\u00bblight\u00bb row_background_text_position=\u00bbfront\u00bb row_skin=\u00bbdark\u00bb css=\u00bb.vc_custom_1587557144491{padding-top: 110px !important;padding-bottom: 47px !important;}\u00bb][vc_column]<div class=\"mkdf-elements-holder   mkdf-three-columns  mkdf-responsive-mode-1024 \" ><div class=\"mkdf-eh-item  mkdf-vertical-alignment-top  \"  data-item-class=\"mkdf-eh-custom-3472\" data-1367-1600=\"11px 0 29px 70px\" data-1025-1366=\"11px 0 29px 0px\" data-769-1024=\"11px 300px 0px 0\" data-681-768=\"11px 150px 0px 0\" data-680=\"11px 0 0px 0px\">\n\t<div class=\"mkdf-eh-item-inner\">\n\t\t<div class=\"mkdf-eh-item-content mkdf-eh-custom-3472\" style=\"padding: 11px 0 29px 74px\">\n\t\t\t<div class=\"mkdf-section-title-holder  mkdf-st-standard mkdf-st-title-left mkdf-st-normal-space \" >\n\t<div class=\"mkdf-st-inner\">\n        \t\t\t\t\t<h2 class=\"mkdf-st-title\" >\n\t\t\t\tServicios Gestiplac\t\t\t<\/h2>\n\t\t\t\t\t<\/div>\n<\/div>\t\t<\/div>\n\t<\/div>\n<\/div><div class=\"mkdf-eh-item    \"  data-item-class=\"mkdf-eh-custom-4272\" data-1367-1600=\"15px 44px 0 74px\" data-1025-1366=\"15px 10px 0 33px\" data-769-1024=\"50px 440px 50px 1px\" data-681-768=\"50px 280px 50px 0px\" data-680=\"53px 50px 53px 0px\">\n\t<div class=\"mkdf-eh-item-inner\">\n\t\t<div class=\"mkdf-eh-item-content mkdf-eh-custom-4272\" style=\"padding: 15px 34px 0 84px\">\n\t\t\t<div class=\"mkdf-iwt clearfix  mkdf-iwt-icon-top  mkdf-iwt-icon-medium\" >\n\t<div class=\"mkdf-iwt-icon\">\n\t\t\t\t\t\t\t\t\t<img loading=\"lazy\" decoding=\"async\" width=\"48\" height=\"50\" src=\"https:\/\/www.gestiplac.cat\/wp-content\/uploads\/2022\/12\/gestiplac-magenta.jpg\" class=\"attachment-full size-full\" alt=\"\" \/>                \t\t\t<\/div>\n\t<div class=\"mkdf-iwt-content\" style=\"padding-top: 22px\">\n        \t\t\t\t\t<h4 class=\"mkdf-iwt-title\" style=\"margin-top: -4px\">\n\t\t\t\t\t\t\t\t<span class=\"mkdf-iwt-title-text\">TRASDOSSATS, ENVANS i COMPARTIMENTACI\u00d3 VERTICAL<\/span>\n\t\t\t\t\t\t\t<\/h4>\n\t\t\t\t\t\t\t<p class=\"mkdf-iwt-text\" style=\"margin-top: 14px\">Els sistemes de guix laminat ofereixen una execuci\u00f3 r\u00e0pida i tipologies diverses (extradossats, envans simples, m\u00faltiples o especials), tant en obra nova com en adequaci\u00f3 d\u2019espais, proporcionant al mateix temps la integraci\u00f3 de tot tipus d\u2019elements auxiliars (il\u00b7luminaci\u00f3, conductes, sistemes de detecci\u00f3, etc.).<\/p>\n\t\t\t<\/div>\n<\/div>\t\t<\/div>\n\t<\/div>\n<\/div><div class=\"mkdf-eh-item    \"  data-item-class=\"mkdf-eh-custom-9143\" data-1367-1600=\"15px 44px 0 69px\" data-1025-1366=\"15px 0px 0 53px\" data-769-1024=\"0px 440px 22px 0px\" data-681-768=\"0px 280px 22px 0px\" data-680=\"0px 50px 22px 0px\">\n\t<div class=\"mkdf-eh-item-inner\">\n\t\t<div class=\"mkdf-eh-item-content mkdf-eh-custom-9143\" style=\"padding: 15px 29px 0 90px\">\n\t\t\t<div class=\"mkdf-iwt clearfix  mkdf-iwt-icon-top  mkdf-iwt-icon-medium\" >\n\t<div class=\"mkdf-iwt-icon\">\n\t\t\t\t\t\t\t\t\t<img loading=\"lazy\" decoding=\"async\" width=\"48\" height=\"50\" src=\"https:\/\/www.gestiplac.cat\/wp-content\/uploads\/2022\/12\/gestiplac-groc.jpg\" class=\"attachment-full size-full\" alt=\"\" \/>                \t\t\t<\/div>\n\t<div class=\"mkdf-iwt-content\" style=\"padding-top: 22px\">\n        \t\t\t\t\t<h4 class=\"mkdf-iwt-title\" style=\"margin-top: -4px\">\n\t\t\t\t\t\t\t\t<span class=\"mkdf-iwt-title-text\">CEL RASOS<\/span>\n\t\t\t\t\t\t\t<\/h4>\n\t\t\t\t\t<\/div>\n<\/div>[vc_column_text]Suministro y colocaci\u00f3n de falsos techos en las distintas variantes existentes:<\/p>\n<ul>\n<li>Continuo de yeso laminado (sencillos, ac\u00fasticos, decorativos&#8230;).<\/li>\n<li>Fibras minerales.<\/li>\n<li>Lana de roca\/lana mineral.<\/li>\n<li>Fibras vegetales (viruta de madera).<\/li>\n<li>Met\u00e1licos.<\/li>\n<li>Exteriores.<\/li>\n<\/ul>\n<p>[\/vc_column_text]\t\t<\/div>\n\t<\/div>\n<\/div><\/div>[\/vc_column][\/vc_row][vc_row row_content_width=\u00bbgrid\u00bb row_btt_skin=\u00bblight\u00bb row_background_text_position=\u00bbfront\u00bb row_skin=\u00bbdark\u00bb css=\u00bb.vc_custom_1556102995046{padding-bottom: 122px !important;}\u00bb][vc_column]<div class=\"mkdf-elements-holder   mkdf-three-columns  mkdf-responsive-mode-1024 \" ><div class=\"mkdf-eh-item    \"  data-item-class=\"mkdf-eh-custom-6835\" data-1367-1600=\"0px 40px 0 73px\" data-1025-1366=\"0px 54px 0 0\" data-769-1024=\"0 440px 0 0\" data-681-768=\"0 280px 0 0\" data-680=\"0 50px 0 0\">\n\t<div class=\"mkdf-eh-item-inner\">\n\t\t<div class=\"mkdf-eh-item-content mkdf-eh-custom-6835\" style=\"padding: 0 44px 0 76px\">\n\t\t\t<div class=\"mkdf-iwt clearfix  mkdf-iwt-icon-top  mkdf-iwt-icon-medium\" >\n\t<div class=\"mkdf-iwt-icon\">\n\t\t\t\t\t\t\t\t\t<img loading=\"lazy\" decoding=\"async\" width=\"48\" height=\"50\" src=\"https:\/\/www.gestiplac.cat\/wp-content\/uploads\/2022\/12\/gestiplac-cyan.jpg\" class=\"attachment-full size-full\" alt=\"\" \/>                \t\t\t<\/div>\n\t<div class=\"mkdf-iwt-content\" style=\"padding-top: 22px\">\n        \t\t\t\t\t<h4 class=\"mkdf-iwt-title\" style=\"margin-top: -4px\">\n\t\t\t\t\t\t\t\t<span class=\"mkdf-iwt-title-text\">AISLAMIENTOS T\u00c9RMICOS<\/span>\n\t\t\t\t\t\t\t<\/h4>\n\t\t\t\t\t\t\t<p class=\"mkdf-iwt-text\" style=\"margin-top: 14px\">Selecci\u00f3n y propuesta de los aislamientos m\u00e1s adecuados a cada tipo de obra, teniendo en cuenta la resistencia t\u00e9rmica, durabilidad, reacci\u00f3n al fuego y cualquier otra caracter\u00edstica que hagan del material escogido la mejor opci\u00f3n.<\/p>\n\t\t\t<\/div>\n<\/div>\t\t<\/div>\n\t<\/div>\n<\/div><div class=\"mkdf-eh-item    \"  data-item-class=\"mkdf-eh-custom-9556\" data-1367-1600=\"0px 44px 0 74px\" data-1025-1366=\"0px 10px 0 33px\" data-769-1024=\"50px 440px 50px 1px\" data-681-768=\"50px 280px 50px 0px\" data-680=\"53px 50px 50px 0px\">\n\t<div class=\"mkdf-eh-item-inner\">\n\t\t<div class=\"mkdf-eh-item-content mkdf-eh-custom-9556\" style=\"padding: 0 37px 0 83px\">\n\t\t\t<div class=\"mkdf-iwt clearfix  mkdf-iwt-icon-top  mkdf-iwt-icon-medium\" >\n\t<div class=\"mkdf-iwt-icon\">\n\t\t\t\t\t\t\t\t\t<img loading=\"lazy\" decoding=\"async\" width=\"48\" height=\"50\" src=\"https:\/\/www.gestiplac.cat\/wp-content\/uploads\/2022\/12\/gestiplac-verd.jpg\" class=\"attachment-full size-full\" alt=\"\" \/>                \t\t\t<\/div>\n\t<div class=\"mkdf-iwt-content\" style=\"padding-top: 22px\">\n        \t\t\t\t\t<h4 class=\"mkdf-iwt-title\" style=\"margin-top: -4px\">\n\t\t\t\t\t\t\t\t<span class=\"mkdf-iwt-title-text\">AISLAMIENTOS AC\u00daSTICOS<\/span>\n\t\t\t\t\t\t\t<\/h4>\n\t\t\t\t\t\t\t<p class=\"mkdf-iwt-text\" style=\"margin-top: 14px\">Evitar que el sonido penetre o salga de un local, habitaci\u00f3n o espacio, es el objetivo. Es por eso que utilizamos todo tipo de materiales absorbentes, as\u00ed como aislantes, para ofrecer el mejor rendimiento ac\u00fastico en su espacio.<\/p>\n\t\t\t<\/div>\n<\/div>\t\t<\/div>\n\t<\/div>\n<\/div><div class=\"mkdf-eh-item    \"  data-item-class=\"mkdf-eh-custom-8509\" data-1367-1600=\"0px 44px 0 74px\" data-1025-1366=\"0px 10px 0 33px\" data-769-1024=\"50px 440px 50px 1px\" data-681-768=\"50px 280px 50px 0px\" data-680=\"53px 50px 50px 0px\">\n\t<div class=\"mkdf-eh-item-inner\">\n\t\t<div class=\"mkdf-eh-item-content mkdf-eh-custom-8509\" style=\"padding: 0 37px 0 83px\">\n\t\t\t<div class=\"mkdf-iwt clearfix  mkdf-iwt-icon-top  mkdf-iwt-icon-medium\" >\n\t<div class=\"mkdf-iwt-icon\">\n\t\t\t\t\t\t\t\t\t    <span class=\"mkdf-icon-shortcode mkdf-normal   mkdf-icon-medium\"  >\n                    <i class=\"mkdf-icon-dripicons dripicon  mkdf-icon-element\" style=\"\" ><\/i>            <\/span>\n\t\t\t\t\t\t<\/div>\n\t<div class=\"mkdf-iwt-content\" style=\"padding-top: 22px\">\n        \t\t\t\t\t<\/div>\n<\/div>\t\t<\/div>\n\t<\/div>\n<\/div><\/div>[\/vc_column][\/vc_row][vc_row row_content_width=\u00bbgrid\u00bb row_btt_skin=\u00bblight\u00bb row_background_text_position=\u00bbfront\u00bb][vc_column]<div class=\"mkdf-elements-holder   mkdf-two-columns  mkdf-responsive-mode-1024 \" ><div class=\"mkdf-eh-item    \"  data-item-class=\"mkdf-eh-custom-7524\">\n\t<div class=\"mkdf-eh-item-inner\">\n\t\t<div class=\"mkdf-eh-item-content mkdf-eh-custom-7524\" >\n\t\t\t<div class=\"mkdf-single-image-holder   \">\n    <div class=\"mkdf-si-inner\" >\n                                    <img loading=\"lazy\" decoding=\"async\" width=\"800\" height=\"533\" src=\"https:\/\/www.gestiplac.cat\/wp-content\/uploads\/2022\/12\/gestiplac-serveis-5.jpg\" class=\"attachment-full size-full\" alt=\"\" srcset=\"https:\/\/www.gestiplac.cat\/wp-content\/uploads\/2022\/12\/gestiplac-serveis-5.jpg 800w, https:\/\/www.gestiplac.cat\/wp-content\/uploads\/2022\/12\/gestiplac-serveis-5-300x200.jpg 300w, https:\/\/www.gestiplac.cat\/wp-content\/uploads\/2022\/12\/gestiplac-serveis-5-768x512.jpg 768w\" sizes=\"auto, (max-width: 800px) 100vw, 800px\" \/>                        <\/div>\n<\/div>\t\t<\/div>\n\t<\/div>\n<\/div><div class=\"mkdf-eh-item    \"  data-item-class=\"mkdf-eh-custom-7422\">\n\t<div class=\"mkdf-eh-item-inner\">\n\t\t<div class=\"mkdf-eh-item-content mkdf-eh-custom-7422\" >\n\t\t\t<div class=\"mkdf-single-image-holder   \">\n    <div class=\"mkdf-si-inner\" >\n                                    <img loading=\"lazy\" decoding=\"async\" width=\"800\" height=\"533\" src=\"https:\/\/www.gestiplac.cat\/wp-content\/uploads\/2022\/12\/gestiplac-serveis-2.jpg\" class=\"attachment-full size-full\" alt=\"\" srcset=\"https:\/\/www.gestiplac.cat\/wp-content\/uploads\/2022\/12\/gestiplac-serveis-2.jpg 800w, https:\/\/www.gestiplac.cat\/wp-content\/uploads\/2022\/12\/gestiplac-serveis-2-300x200.jpg 300w, https:\/\/www.gestiplac.cat\/wp-content\/uploads\/2022\/12\/gestiplac-serveis-2-768x512.jpg 768w\" sizes=\"auto, (max-width: 800px) 100vw, 800px\" \/>                        <\/div>\n<\/div>\t\t<\/div>\n\t<\/div>\n<\/div><\/div>[\/vc_column][\/vc_row][vc_row row_content_width=\u00bbgrid\u00bb row_btt_skin=\u00bblight\u00bb row_background_text_position=\u00bbfront\u00bb row_skin=\u00bbdark\u00bb css=\u00bb.vc_custom_1556102995046{padding-bottom: 122px !important;}\u00bb][vc_column][vc_empty_space height=\u00bb125px\u00bb]<div class=\"mkdf-elements-holder   mkdf-three-columns  mkdf-responsive-mode-1024 \" ><div class=\"mkdf-eh-item    \"  data-item-class=\"mkdf-eh-custom-9313\" data-1367-1600=\"0px 40px 0 73px\" data-1025-1366=\"0px 54px 0 0\" data-769-1024=\"0 440px 0 0\" data-681-768=\"0 280px 0 0\" data-680=\"0 50px 0 0\">\n\t<div class=\"mkdf-eh-item-inner\">\n\t\t<div class=\"mkdf-eh-item-content mkdf-eh-custom-9313\" style=\"padding: 0 44px 0 76px\">\n\t\t\t<div class=\"mkdf-iwt clearfix  mkdf-iwt-icon-top  mkdf-iwt-icon-medium\" >\n\t<div class=\"mkdf-iwt-icon\">\n\t\t\t\t\t\t\t\t\t<img loading=\"lazy\" decoding=\"async\" width=\"62\" height=\"64\" src=\"https:\/\/www.gestiplac.cat\/wp-content\/uploads\/2022\/12\/check.jpg\" class=\"attachment-full size-full\" alt=\"\" \/>                \t\t\t<\/div>\n\t<div class=\"mkdf-iwt-content\" style=\"padding-top: 22px\">\n        \t\t\t\t\t<h4 class=\"mkdf-iwt-title\" style=\"margin-top: -4px\">\n\t\t\t\t\t\t\t\t<span class=\"mkdf-iwt-title-text\">Asesoramiento<\/span>\n\t\t\t\t\t\t\t<\/h4>\n\t\t\t\t\t\t\t<p class=\"mkdf-iwt-text\" style=\"margin-top: 14px\">Equipo t\u00e9cnico altamente calificado para asesorarte en la planificaci\u00f3n y ejecuci\u00f3n de tu proyecto.<\/p>\n\t\t\t<\/div>\n<\/div>\t\t<\/div>\n\t<\/div>\n<\/div><div class=\"mkdf-eh-item    \"  data-item-class=\"mkdf-eh-custom-5910\" data-1367-1600=\"0px 44px 0 74px\" data-1025-1366=\"0px 10px 0 33px\" data-769-1024=\"50px 440px 50px 1px\" data-681-768=\"50px 280px 50px 0px\" data-680=\"53px 50px 50px 0px\">\n\t<div class=\"mkdf-eh-item-inner\">\n\t\t<div class=\"mkdf-eh-item-content mkdf-eh-custom-5910\" style=\"padding: 0 37px 0 83px\">\n\t\t\t<div class=\"mkdf-iwt clearfix  mkdf-iwt-icon-top  mkdf-iwt-icon-medium\" >\n\t<div class=\"mkdf-iwt-icon\">\n\t\t\t\t\t\t\t\t\t<img loading=\"lazy\" decoding=\"async\" width=\"62\" height=\"64\" src=\"https:\/\/www.gestiplac.cat\/wp-content\/uploads\/2022\/12\/check.jpg\" class=\"attachment-full size-full\" alt=\"\" \/>                \t\t\t<\/div>\n\t<div class=\"mkdf-iwt-content\" style=\"padding-top: 22px\">\n        \t\t\t\t\t<h4 class=\"mkdf-iwt-title\" style=\"margin-top: -4px\">\n\t\t\t\t\t\t\t\t<span class=\"mkdf-iwt-title-text\">Calidad<\/span>\n\t\t\t\t\t\t\t<\/h4>\n\t\t\t\t\t\t\t<p class=\"mkdf-iwt-text\" style=\"margin-top: 14px\">Trabajamos con materiales de primeras marcas, para la calidad y durabilidad de la obra,<\/p>\n\t\t\t<\/div>\n<\/div>\t\t<\/div>\n\t<\/div>\n<\/div><div class=\"mkdf-eh-item    \"  data-item-class=\"mkdf-eh-custom-3384\" data-1367-1600=\"0px 44px 0 70px\" data-1025-1366=\"0px 0px 0 53px\" data-769-1024=\"0 440px 0 1px\" data-681-768=\"0 280px 0 0px\" data-680=\"0 50px 0 0px\">\n\t<div class=\"mkdf-eh-item-inner\">\n\t\t<div class=\"mkdf-eh-item-content mkdf-eh-custom-3384\" style=\"padding: 0 29px 0 90px\">\n\t\t\t<div class=\"mkdf-iwt clearfix  mkdf-iwt-icon-top  mkdf-iwt-icon-medium\" >\n\t<div class=\"mkdf-iwt-icon\">\n\t\t\t\t\t\t\t\t\t<img loading=\"lazy\" decoding=\"async\" width=\"62\" height=\"64\" src=\"https:\/\/www.gestiplac.cat\/wp-content\/uploads\/2022\/12\/check.jpg\" class=\"attachment-full size-full\" alt=\"\" \/>                \t\t\t<\/div>\n\t<div class=\"mkdf-iwt-content\" style=\"padding-top: 22px\">\n        \t\t\t\t\t<h4 class=\"mkdf-iwt-title\" style=\"margin-top: -4px\">\n\t\t\t\t\t\t\t\t<span class=\"mkdf-iwt-title-text\">Experiencia<\/span>\n\t\t\t\t\t\t\t<\/h4>\n\t\t\t\t\t\t\t<p class=\"mkdf-iwt-text\" style=\"margin-top: 14px\">M\u00e1s de 30 a\u00f1os de experiencia en el sector, a favor de la construcci\u00f3n, y para resolver posibles incidencias constructivas.<\/p>\n\t\t\t<\/div>\n<\/div>\t\t<\/div>\n\t<\/div>\n<\/div><\/div>[\/vc_column][\/vc_row]<\/p>\n<\/div>","protected":false},"excerpt":{"rendered":"<p>[vc_row row_content_width=\u00bbgrid\u00bb row_btt_skin=\u00bblight\u00bb row_background_text_position=\u00bbfront\u00bb][vc_column][vc_empty_space height=\u00bb125px\u00bb][vc_column_text] Especializados y con dilatada experiencia en: [\/vc_column_text][\/vc_column][\/vc_row][vc_row row_content_width=\u00bbgrid\u00bb row_btt_skin=\u00bblight\u00bb row_background_text_position=\u00bbfront\u00bb row_skin=\u00bbdark\u00bb css=\u00bb.vc_custom_1587557144491{padding-top: 110px !important;padding-bottom: 47px !important;}\u00bb][vc_column][\/vc_column][\/vc_row][vc_row row_content_width=\u00bbgrid\u00bb row_btt_skin=\u00bblight\u00bb row_background_text_position=\u00bbfront\u00bb row_skin=\u00bbdark\u00bb css=\u00bb.vc_custom_1556102995046{padding-bottom: 122px !important;}\u00bb][vc_column][\/vc_column][\/vc_row][vc_row row_content_width=\u00bbgrid\u00bb row_btt_skin=\u00bblight\u00bb row_background_text_position=\u00bbfront\u00bb][vc_column][\/vc_column][\/vc_row][vc_row row_content_width=\u00bbgrid\u00bb row_btt_skin=\u00bblight\u00bb row_background_text_position=\u00bbfront\u00bb row_skin=\u00bbdark\u00bb css=\u00bb.vc_custom_1556102995046{padding-bottom: 122px !important;}\u00bb][vc_column][vc_empty_space height=\u00bb125px\u00bb][\/vc_column][\/vc_row]<\/p>\n","protected":false},"author":1,"featured_media":0,"parent":0,"menu_order":0,"comment_status":"closed","ping_status":"closed","template":"full-width.php","meta":{"footnotes":""},"class_list":["post-11645","page","type-page","status-publish","hentry"],"yoast_head":"<!-- This site is optimized with the Yoast SEO plugin v27.2 - https:\/\/yoast.com\/product\/yoast-seo-wordpress\/ -->\n<title>Servicios - Gestiplac.cat | Gesti\u00f3 d&#039;obres<\/title>\n<meta name=\"robots\" content=\"index, follow, max-snippet:-1, max-image-preview:large, max-video-preview:-1\" \/>\n<link rel=\"canonical\" href=\"https:\/\/www.gestiplac.cat\/es\/servicios\/\" \/>\n<meta property=\"og:locale\" content=\"es_ES\" \/>\n<meta property=\"og:type\" content=\"article\" \/>\n<meta property=\"og:title\" content=\"Servicios - Gestiplac.cat | Gesti\u00f3 d&#039;obres\" \/>\n<meta property=\"og:description\" content=\"[vc_row row_content_width=\u00bbgrid\u00bb row_btt_skin=\u00bblight\u00bb row_background_text_position=\u00bbfront\u00bb][vc_column][vc_empty_space height=\u00bb125px\u00bb][vc_column_text] Especializados y con dilatada experiencia en: [\/vc_column_text][\/vc_column][\/vc_row][vc_row row_content_width=\u00bbgrid\u00bb row_btt_skin=\u00bblight\u00bb row_background_text_position=\u00bbfront\u00bb row_skin=\u00bbdark\u00bb css=\u00bb.vc_custom_1587557144491{padding-top: 110px !important;padding-bottom: 47px !important;}\u00bb][vc_column][\/vc_column][\/vc_row][vc_row row_content_width=\u00bbgrid\u00bb row_btt_skin=\u00bblight\u00bb row_background_text_position=\u00bbfront\u00bb row_skin=\u00bbdark\u00bb css=\u00bb.vc_custom_1556102995046{padding-bottom: 122px !important;}\u00bb][vc_column][\/vc_column][\/vc_row][vc_row row_content_width=\u00bbgrid\u00bb row_btt_skin=\u00bblight\u00bb row_background_text_position=\u00bbfront\u00bb][vc_column][\/vc_column][\/vc_row][vc_row row_content_width=\u00bbgrid\u00bb row_btt_skin=\u00bblight\u00bb row_background_text_position=\u00bbfront\u00bb row_skin=\u00bbdark\u00bb css=\u00bb.vc_custom_1556102995046{padding-bottom: 122px !important;}\u00bb][vc_column][vc_empty_space height=\u00bb125px\u00bb][\/vc_column][\/vc_row]\" \/>\n<meta property=\"og:url\" content=\"https:\/\/www.gestiplac.cat\/es\/servicios\/\" \/>\n<meta property=\"og:site_name\" content=\"Gestiplac.cat | Gesti\u00f3 d&#039;obres\" \/>\n<meta property=\"article:modified_time\" content=\"2023-03-16T08:05:16+00:00\" \/>\n<meta name=\"twitter:card\" content=\"summary_large_image\" \/>\n<meta name=\"twitter:label1\" content=\"Tiempo de lectura\" \/>\n\t<meta name=\"twitter:data1\" content=\"5 minutos\" \/>\n<script type=\"application\/ld+json\" class=\"yoast-schema-graph\">{\"@context\":\"https:\/\/schema.org\",\"@graph\":[{\"@type\":\"WebPage\",\"@id\":\"https:\/\/www.gestiplac.cat\/es\/servicios\/\",\"url\":\"https:\/\/www.gestiplac.cat\/es\/servicios\/\",\"name\":\"Servicios - Gestiplac.cat | Gesti\u00f3 d&#039;obres\",\"isPartOf\":{\"@id\":\"https:\/\/www.gestiplac.cat\/#website\"},\"datePublished\":\"2018-12-17T13:59:14+00:00\",\"dateModified\":\"2023-03-16T08:05:16+00:00\",\"breadcrumb\":{\"@id\":\"https:\/\/www.gestiplac.cat\/es\/servicios\/#breadcrumb\"},\"inLanguage\":\"es\",\"potentialAction\":[{\"@type\":\"ReadAction\",\"target\":[\"https:\/\/www.gestiplac.cat\/es\/servicios\/\"]}]},{\"@type\":\"BreadcrumbList\",\"@id\":\"https:\/\/www.gestiplac.cat\/es\/servicios\/#breadcrumb\",\"itemListElement\":[{\"@type\":\"ListItem\",\"position\":1,\"name\":\"Inici\",\"item\":\"https:\/\/www.gestiplac.cat\/es\/\"},{\"@type\":\"ListItem\",\"position\":2,\"name\":\"Servicios\"}]},{\"@type\":\"WebSite\",\"@id\":\"https:\/\/www.gestiplac.cat\/#website\",\"url\":\"https:\/\/www.gestiplac.cat\/\",\"name\":\"Gestiplac.cat | Gesti\u00f3 d&#039;obres\",\"description\":\"\",\"publisher\":{\"@id\":\"https:\/\/www.gestiplac.cat\/#organization\"},\"potentialAction\":[{\"@type\":\"SearchAction\",\"target\":{\"@type\":\"EntryPoint\",\"urlTemplate\":\"https:\/\/www.gestiplac.cat\/?s={search_term_string}\"},\"query-input\":{\"@type\":\"PropertyValueSpecification\",\"valueRequired\":true,\"valueName\":\"search_term_string\"}}],\"inLanguage\":\"es\"},{\"@type\":\"Organization\",\"@id\":\"https:\/\/www.gestiplac.cat\/#organization\",\"name\":\"Gestiplac\",\"url\":\"https:\/\/www.gestiplac.cat\/\",\"logo\":{\"@type\":\"ImageObject\",\"inLanguage\":\"es\",\"@id\":\"https:\/\/www.gestiplac.cat\/#\/schema\/logo\/image\/\",\"url\":\"https:\/\/gestiplac.cat\/wp-content\/uploads\/2022\/06\/logo-gestiplac-3.jpg\",\"contentUrl\":\"https:\/\/gestiplac.cat\/wp-content\/uploads\/2022\/06\/logo-gestiplac-3.jpg\",\"width\":553,\"height\":140,\"caption\":\"Gestiplac\"},\"image\":{\"@id\":\"https:\/\/www.gestiplac.cat\/#\/schema\/logo\/image\/\"}}]}<\/script>\n<!-- \/ Yoast SEO plugin. -->","yoast_head_json":{"title":"Servicios - Gestiplac.cat | Gesti\u00f3 d&#039;obres","robots":{"index":"index","follow":"follow","max-snippet":"max-snippet:-1","max-image-preview":"max-image-preview:large","max-video-preview":"max-video-preview:-1"},"canonical":"https:\/\/www.gestiplac.cat\/es\/servicios\/","og_locale":"es_ES","og_type":"article","og_title":"Servicios - Gestiplac.cat | Gesti\u00f3 d&#039;obres","og_description":"[vc_row row_content_width=\u00bbgrid\u00bb row_btt_skin=\u00bblight\u00bb row_background_text_position=\u00bbfront\u00bb][vc_column][vc_empty_space height=\u00bb125px\u00bb][vc_column_text] Especializados y con dilatada experiencia en: [\/vc_column_text][\/vc_column][\/vc_row][vc_row row_content_width=\u00bbgrid\u00bb row_btt_skin=\u00bblight\u00bb row_background_text_position=\u00bbfront\u00bb row_skin=\u00bbdark\u00bb css=\u00bb.vc_custom_1587557144491{padding-top: 110px !important;padding-bottom: 47px !important;}\u00bb][vc_column][\/vc_column][\/vc_row][vc_row row_content_width=\u00bbgrid\u00bb row_btt_skin=\u00bblight\u00bb row_background_text_position=\u00bbfront\u00bb row_skin=\u00bbdark\u00bb css=\u00bb.vc_custom_1556102995046{padding-bottom: 122px !important;}\u00bb][vc_column][\/vc_column][\/vc_row][vc_row row_content_width=\u00bbgrid\u00bb row_btt_skin=\u00bblight\u00bb row_background_text_position=\u00bbfront\u00bb][vc_column][\/vc_column][\/vc_row][vc_row row_content_width=\u00bbgrid\u00bb row_btt_skin=\u00bblight\u00bb row_background_text_position=\u00bbfront\u00bb row_skin=\u00bbdark\u00bb css=\u00bb.vc_custom_1556102995046{padding-bottom: 122px !important;}\u00bb][vc_column][vc_empty_space height=\u00bb125px\u00bb][\/vc_column][\/vc_row]","og_url":"https:\/\/www.gestiplac.cat\/es\/servicios\/","og_site_name":"Gestiplac.cat | Gesti\u00f3 d&#039;obres","article_modified_time":"2023-03-16T08:05:16+00:00","twitter_card":"summary_large_image","twitter_misc":{"Tiempo de lectura":"5 minutos"},"schema":{"@context":"https:\/\/schema.org","@graph":[{"@type":"WebPage","@id":"https:\/\/www.gestiplac.cat\/es\/servicios\/","url":"https:\/\/www.gestiplac.cat\/es\/servicios\/","name":"Servicios - Gestiplac.cat | Gesti\u00f3 d&#039;obres","isPartOf":{"@id":"https:\/\/www.gestiplac.cat\/#website"},"datePublished":"2018-12-17T13:59:14+00:00","dateModified":"2023-03-16T08:05:16+00:00","breadcrumb":{"@id":"https:\/\/www.gestiplac.cat\/es\/servicios\/#breadcrumb"},"inLanguage":"es","potentialAction":[{"@type":"ReadAction","target":["https:\/\/www.gestiplac.cat\/es\/servicios\/"]}]},{"@type":"BreadcrumbList","@id":"https:\/\/www.gestiplac.cat\/es\/servicios\/#breadcrumb","itemListElement":[{"@type":"ListItem","position":1,"name":"Inici","item":"https:\/\/www.gestiplac.cat\/es\/"},{"@type":"ListItem","position":2,"name":"Servicios"}]},{"@type":"WebSite","@id":"https:\/\/www.gestiplac.cat\/#website","url":"https:\/\/www.gestiplac.cat\/","name":"Gestiplac.cat | Gesti\u00f3 d&#039;obres","description":"","publisher":{"@id":"https:\/\/www.gestiplac.cat\/#organization"},"potentialAction":[{"@type":"SearchAction","target":{"@type":"EntryPoint","urlTemplate":"https:\/\/www.gestiplac.cat\/?s={search_term_string}"},"query-input":{"@type":"PropertyValueSpecification","valueRequired":true,"valueName":"search_term_string"}}],"inLanguage":"es"},{"@type":"Organization","@id":"https:\/\/www.gestiplac.cat\/#organization","name":"Gestiplac","url":"https:\/\/www.gestiplac.cat\/","logo":{"@type":"ImageObject","inLanguage":"es","@id":"https:\/\/www.gestiplac.cat\/#\/schema\/logo\/image\/","url":"https:\/\/gestiplac.cat\/wp-content\/uploads\/2022\/06\/logo-gestiplac-3.jpg","contentUrl":"https:\/\/gestiplac.cat\/wp-content\/uploads\/2022\/06\/logo-gestiplac-3.jpg","width":553,"height":140,"caption":"Gestiplac"},"image":{"@id":"https:\/\/www.gestiplac.cat\/#\/schema\/logo\/image\/"}}]}},"_links":{"self":[{"href":"https:\/\/www.gestiplac.cat\/es\/wp-json\/wp\/v2\/pages\/11645","targetHints":{"allow":["GET"]}}],"collection":[{"href":"https:\/\/www.gestiplac.cat\/es\/wp-json\/wp\/v2\/pages"}],"about":[{"href":"https:\/\/www.gestiplac.cat\/es\/wp-json\/wp\/v2\/types\/page"}],"author":[{"embeddable":true,"href":"https:\/\/www.gestiplac.cat\/es\/wp-json\/wp\/v2\/users\/1"}],"replies":[{"embeddable":true,"href":"https:\/\/www.gestiplac.cat\/es\/wp-json\/wp\/v2\/comments?post=11645"}],"version-history":[{"count":4,"href":"https:\/\/www.gestiplac.cat\/es\/wp-json\/wp\/v2\/pages\/11645\/revisions"}],"predecessor-version":[{"id":11680,"href":"https:\/\/www.gestiplac.cat\/es\/wp-json\/wp\/v2\/pages\/11645\/revisions\/11680"}],"wp:attachment":[{"href":"https:\/\/www.gestiplac.cat\/es\/wp-json\/wp\/v2\/media?parent=11645"}],"curies":[{"name":"wp","href":"https:\/\/api.w.org\/{rel}","templated":true}]}}